{"id":12,"date":"2024-11-18T22:05:30","date_gmt":"2024-11-18T22:05:30","guid":{"rendered":"https:\/\/fibernet.com.pe\/?page_id=12"},"modified":"2025-02-08T22:11:50","modified_gmt":"2025-02-08T22:11:50","slug":"inicio","status":"publish","type":"page","link":"https:\/\/fibernet.com.pe\/","title":{"rendered":"FIBERNET"},"content":{"rendered":"\t\t<div data-elementor-type=\"wp-page\" data-elementor-id=\"12\" class=\"elementor elementor-12\">\n\t\t\t\t<div class=\"elementor-element elementor-element-53c03f1 e-flex e-con-boxed elementor-invisible e-con e-parent\" data-id=\"53c03f1\" data-element_type=\"container\" data-settings=\"{&quot;animation&quot;:&quot;slideInUp&quot;}\">\n\t\t\t\t\t<div class=\"e-con-inner\">\n\t\t\t\t<div class=\"elementor-element elementor-element-b9613a5 elementor-widget elementor-widget-heading\" data-id=\"b9613a5\" data-element_type=\"widget\" data-widget_type=\"heading.default\">\n\t\t\t\t<div class=\"elementor-widget-container\">\n\t\t\t\t\t<h2 class=\"elementor-heading-title elementor-size-default\">\"Fibernet: La verdadera velocidad, 100% fibra \u00f3ptica\" <br>\nElige el plan que se adapta a ti!<\/h2>\t\t\t\t<\/div>\n\t\t\t\t<\/div>\n\t\t\t\t\t<\/div>\n\t\t\t\t<\/div>\n\t\t<div class=\"elementor-element elementor-element-2b0e14a e-flex e-con-boxed e-con e-parent\" data-id=\"2b0e14a\" data-element_type=\"container\">\n\t\t\t\t\t<div class=\"e-con-inner\">\n\t\t\t\t<div class=\"elementor-element elementor-element-802b01a elementor-arrows-position-outside elementor-pagination-position-outside elementor-widget elementor-widget-image-carousel\" data-id=\"802b01a\" data-element_type=\"widget\" data-settings=\"{&quot;slides_to_show&quot;:&quot;3&quot;,&quot;image_spacing_custom&quot;:{&quot;unit&quot;:&quot;px&quot;,&quot;size&quot;:48,&quot;sizes&quot;:[]},&quot;navigation&quot;:&quot;both&quot;,&quot;autoplay&quot;:&quot;yes&quot;,&quot;pause_on_hover&quot;:&quot;yes&quot;,&quot;pause_on_interaction&quot;:&quot;yes&quot;,&quot;autoplay_speed&quot;:5000,&quot;infinite&quot;:&quot;yes&quot;,&quot;speed&quot;:500,&quot;image_spacing_custom_tablet&quot;:{&quot;unit&quot;:&quot;px&quot;,&quot;size&quot;:&quot;&quot;,&quot;sizes&quot;:[]},&quot;image_spacing_custom_mobile&quot;:{&quot;unit&quot;:&quot;px&quot;,&quot;size&quot;:&quot;&quot;,&quot;sizes&quot;:[]}}\" data-widget_type=\"image-carousel.default\">\n\t\t\t\t<div class=\"elementor-widget-container\">\n\t\t\t\t\t\t\t<div class=\"elementor-image-carousel-wrapper swiper\" role=\"region\" aria-roledescription=\"carousel\" aria-label=\"Carrusel de im\u00e1genes\" dir=\"ltr\">\n\t\t\t<div class=\"elementor-image-carousel swiper-wrapper\" aria-live=\"off\">\n\t\t\t\t\t\t\t\t<div class=\"swiper-slide\" role=\"group\" aria-roledescription=\"slide\" aria-label=\"1 de 11\"><a data-elementor-open-lightbox=\"yes\" data-elementor-lightbox-slideshow=\"802b01a\" data-elementor-lightbox-title=\"BASICO\" data-e-action-hash=\"#elementor-action%3Aaction%3Dlightbox%26settings%3DeyJpZCI6NDk5LCJ1cmwiOiJodHRwczpcL1wvZmliZXJuZXQuY29tLnBlXC93cC1jb250ZW50XC91cGxvYWRzXC8yMDI1XC8wMlwvQkFTSUNPLnBuZyIsInNsaWRlc2hvdyI6IjgwMmIwMWEifQ%3D%3D\" href=\"http:\/\/wa.me\/message\/OPT2PKOFNUWOJ1\" target=\"_blank\"><figure class=\"swiper-slide-inner\"><img decoding=\"async\" class=\"swiper-slide-image\" src=\"https:\/\/fibernet.com.pe\/wp-content\/uploads\/2025\/02\/BASICO-768x1200.png\" alt=\"BASICO\" \/><\/figure><\/a><\/div><div class=\"swiper-slide\" role=\"group\" aria-roledescription=\"slide\" aria-label=\"2 de 11\"><a data-elementor-open-lightbox=\"yes\" data-elementor-lightbox-slideshow=\"802b01a\" data-elementor-lightbox-title=\"HOGAR-INT\" data-e-action-hash=\"#elementor-action%3Aaction%3Dlightbox%26settings%3DeyJpZCI6NTAwLCJ1cmwiOiJodHRwczpcL1wvZmliZXJuZXQuY29tLnBlXC93cC1jb250ZW50XC91cGxvYWRzXC8yMDI1XC8wMlwvSE9HQVItSU5ULnBuZyIsInNsaWRlc2hvdyI6IjgwMmIwMWEifQ%3D%3D\" href=\"http:\/\/wa.me\/message\/OPT2PKOFNUWOJ1\" target=\"_blank\"><figure class=\"swiper-slide-inner\"><img decoding=\"async\" class=\"swiper-slide-image\" src=\"https:\/\/fibernet.com.pe\/wp-content\/uploads\/2025\/02\/HOGAR-INT-768x1200.png\" alt=\"HOGAR-INT\" \/><\/figure><\/a><\/div><div class=\"swiper-slide\" role=\"group\" aria-roledescription=\"slide\" aria-label=\"3 de 11\"><a data-elementor-open-lightbox=\"yes\" data-elementor-lightbox-slideshow=\"802b01a\" data-elementor-lightbox-title=\"HOGAR-DUO\" data-e-action-hash=\"#elementor-action%3Aaction%3Dlightbox%26settings%3DeyJpZCI6NTAxLCJ1cmwiOiJodHRwczpcL1wvZmliZXJuZXQuY29tLnBlXC93cC1jb250ZW50XC91cGxvYWRzXC8yMDI1XC8wMlwvSE9HQVItRFVPLnBuZyIsInNsaWRlc2hvdyI6IjgwMmIwMWEifQ%3D%3D\" href=\"http:\/\/wa.me\/message\/OPT2PKOFNUWOJ1\" target=\"_blank\"><figure class=\"swiper-slide-inner\"><img decoding=\"async\" class=\"swiper-slide-image\" src=\"https:\/\/fibernet.com.pe\/wp-content\/uploads\/2025\/02\/HOGAR-DUO-768x1200.png\" alt=\"HOGAR-DUO\" \/><\/figure><\/a><\/div><div class=\"swiper-slide\" role=\"group\" aria-roledescription=\"slide\" aria-label=\"4 de 11\"><a data-elementor-open-lightbox=\"yes\" data-elementor-lightbox-slideshow=\"802b01a\" data-elementor-lightbox-title=\"PRO-INT\" data-e-action-hash=\"#elementor-action%3Aaction%3Dlightbox%26settings%3DeyJpZCI6NDk3LCJ1cmwiOiJodHRwczpcL1wvZmliZXJuZXQuY29tLnBlXC93cC1jb250ZW50XC91cGxvYWRzXC8yMDI1XC8wMlwvUFJPLUlOVC5wbmciLCJzbGlkZXNob3ciOiI4MDJiMDFhIn0%3D\" href=\"http:\/\/wa.me\/message\/OPT2PKOFNUWOJ1\" target=\"_blank\"><figure class=\"swiper-slide-inner\"><img decoding=\"async\" class=\"swiper-slide-image\" src=\"https:\/\/fibernet.com.pe\/wp-content\/uploads\/2025\/02\/PRO-INT-768x1200.png\" alt=\"PRO-INT\" \/><\/figure><\/a><\/div><div class=\"swiper-slide\" role=\"group\" aria-roledescription=\"slide\" aria-label=\"5 de 11\"><a data-elementor-open-lightbox=\"yes\" data-elementor-lightbox-slideshow=\"802b01a\" data-elementor-lightbox-title=\"PRO-DUO\" data-e-action-hash=\"#elementor-action%3Aaction%3Dlightbox%26settings%3DeyJpZCI6NDk4LCJ1cmwiOiJodHRwczpcL1wvZmliZXJuZXQuY29tLnBlXC93cC1jb250ZW50XC91cGxvYWRzXC8yMDI1XC8wMlwvUFJPLURVTy5wbmciLCJzbGlkZXNob3ciOiI4MDJiMDFhIn0%3D\" href=\"http:\/\/wa.me\/message\/OPT2PKOFNUWOJ1\" target=\"_blank\"><figure class=\"swiper-slide-inner\"><img decoding=\"async\" class=\"swiper-slide-image\" src=\"https:\/\/fibernet.com.pe\/wp-content\/uploads\/2025\/02\/PRO-DUO-768x1200.png\" alt=\"PRO-DUO\" \/><\/figure><\/a><\/div><div class=\"swiper-slide\" role=\"group\" aria-roledescription=\"slide\" aria-label=\"6 de 11\"><a data-elementor-open-lightbox=\"yes\" data-elementor-lightbox-slideshow=\"802b01a\" data-elementor-lightbox-title=\"MAX-INT\" data-e-action-hash=\"#elementor-action%3Aaction%3Dlightbox%26settings%3DeyJpZCI6NDk1LCJ1cmwiOiJodHRwczpcL1wvZmliZXJuZXQuY29tLnBlXC93cC1jb250ZW50XC91cGxvYWRzXC8yMDI1XC8wMlwvTUFYLUlOVC5wbmciLCJzbGlkZXNob3ciOiI4MDJiMDFhIn0%3D\" href=\"http:\/\/wa.me\/message\/OPT2PKOFNUWOJ1\" target=\"_blank\"><figure class=\"swiper-slide-inner\"><img decoding=\"async\" class=\"swiper-slide-image\" src=\"https:\/\/fibernet.com.pe\/wp-content\/uploads\/2025\/02\/MAX-INT-768x1200.png\" alt=\"MAX-INT\" \/><\/figure><\/a><\/div><div class=\"swiper-slide\" role=\"group\" aria-roledescription=\"slide\" aria-label=\"7 de 11\"><a data-elementor-open-lightbox=\"yes\" data-elementor-lightbox-slideshow=\"802b01a\" data-elementor-lightbox-title=\"MAX-DUO\" data-e-action-hash=\"#elementor-action%3Aaction%3Dlightbox%26settings%3DeyJpZCI6NDk2LCJ1cmwiOiJodHRwczpcL1wvZmliZXJuZXQuY29tLnBlXC93cC1jb250ZW50XC91cGxvYWRzXC8yMDI1XC8wMlwvTUFYLURVTy5wbmciLCJzbGlkZXNob3ciOiI4MDJiMDFhIn0%3D\" href=\"http:\/\/wa.me\/message\/OPT2PKOFNUWOJ1\" target=\"_blank\"><figure class=\"swiper-slide-inner\"><img decoding=\"async\" class=\"swiper-slide-image\" src=\"https:\/\/fibernet.com.pe\/wp-content\/uploads\/2025\/02\/MAX-DUO-768x1200.png\" alt=\"MAX-DUO\" \/><\/figure><\/a><\/div><div class=\"swiper-slide\" role=\"group\" aria-roledescription=\"slide\" aria-label=\"8 de 11\"><a data-elementor-open-lightbox=\"yes\" data-elementor-lightbox-slideshow=\"802b01a\" data-elementor-lightbox-title=\"ULTRA-INT\" data-e-action-hash=\"#elementor-action%3Aaction%3Dlightbox%26settings%3DeyJpZCI6NDkyLCJ1cmwiOiJodHRwczpcL1wvZmliZXJuZXQuY29tLnBlXC93cC1jb250ZW50XC91cGxvYWRzXC8yMDI1XC8wMlwvVUxUUkEtSU5ULnBuZyIsInNsaWRlc2hvdyI6IjgwMmIwMWEifQ%3D%3D\" href=\"http:\/\/wa.me\/message\/OPT2PKOFNUWOJ1\" target=\"_blank\"><figure class=\"swiper-slide-inner\"><img decoding=\"async\" class=\"swiper-slide-image\" src=\"https:\/\/fibernet.com.pe\/wp-content\/uploads\/2025\/02\/ULTRA-INT-768x1200.png\" alt=\"ULTRA-INT\" \/><\/figure><\/a><\/div><div class=\"swiper-slide\" role=\"group\" aria-roledescription=\"slide\" aria-label=\"9 de 11\"><a data-elementor-open-lightbox=\"yes\" data-elementor-lightbox-slideshow=\"802b01a\" data-elementor-lightbox-title=\"ULTRA-DUO\" data-e-action-hash=\"#elementor-action%3Aaction%3Dlightbox%26settings%3DeyJpZCI6NDkzLCJ1cmwiOiJodHRwczpcL1wvZmliZXJuZXQuY29tLnBlXC93cC1jb250ZW50XC91cGxvYWRzXC8yMDI1XC8wMlwvVUxUUkEtRFVPLnBuZyIsInNsaWRlc2hvdyI6IjgwMmIwMWEifQ%3D%3D\" href=\"http:\/\/wa.me\/message\/OPT2PKOFNUWOJ1\" target=\"_blank\"><figure class=\"swiper-slide-inner\"><img decoding=\"async\" class=\"swiper-slide-image\" src=\"https:\/\/fibernet.com.pe\/wp-content\/uploads\/2025\/02\/ULTRA-DUO-768x1200.png\" alt=\"ULTRA-DUO\" \/><\/figure><\/a><\/div><div class=\"swiper-slide\" role=\"group\" aria-roledescription=\"slide\" aria-label=\"10 de 11\"><a data-elementor-open-lightbox=\"yes\" data-elementor-lightbox-slideshow=\"802b01a\" data-elementor-lightbox-title=\"PLATA-INT\" data-e-action-hash=\"#elementor-action%3Aaction%3Dlightbox%26settings%3DeyJpZCI6NDkwLCJ1cmwiOiJodHRwczpcL1wvZmliZXJuZXQuY29tLnBlXC93cC1jb250ZW50XC91cGxvYWRzXC8yMDI1XC8wMlwvUExBVEEtSU5ULnBuZyIsInNsaWRlc2hvdyI6IjgwMmIwMWEifQ%3D%3D\" href=\"http:\/\/wa.me\/message\/OPT2PKOFNUWOJ1\" target=\"_blank\"><figure class=\"swiper-slide-inner\"><img decoding=\"async\" class=\"swiper-slide-image\" src=\"https:\/\/fibernet.com.pe\/wp-content\/uploads\/2025\/02\/PLATA-INT-768x1200.png\" alt=\"PLATA-INT\" \/><\/figure><\/a><\/div><div class=\"swiper-slide\" role=\"group\" aria-roledescription=\"slide\" aria-label=\"11 de 11\"><a data-elementor-open-lightbox=\"yes\" data-elementor-lightbox-slideshow=\"802b01a\" data-elementor-lightbox-title=\"PLATA-DUO\" data-e-action-hash=\"#elementor-action%3Aaction%3Dlightbox%26settings%3DeyJpZCI6NDkxLCJ1cmwiOiJodHRwczpcL1wvZmliZXJuZXQuY29tLnBlXC93cC1jb250ZW50XC91cGxvYWRzXC8yMDI1XC8wMlwvUExBVEEtRFVPLnBuZyIsInNsaWRlc2hvdyI6IjgwMmIwMWEifQ%3D%3D\" href=\"http:\/\/wa.me\/message\/OPT2PKOFNUWOJ1\" target=\"_blank\"><figure class=\"swiper-slide-inner\"><img decoding=\"async\" class=\"swiper-slide-image\" src=\"https:\/\/fibernet.com.pe\/wp-content\/uploads\/2025\/02\/PLATA-DUO-768x1200.png\" alt=\"PLATA-DUO\" \/><\/figure><\/a><\/div>\t\t\t<\/div>\n\t\t\t\t\t\t\t\t\t\t\t\t<div class=\"elementor-swiper-button elementor-swiper-button-prev\" role=\"button\" tabindex=\"0\">\n\t\t\t\t\t\t<svg aria-hidden=\"true\" class=\"e-font-icon-svg e-fas-arrow-circle-left\" viewBox=\"0 0 512 512\" xmlns=\"http:\/\/www.w3.org\/2000\/svg\"><path d=\"M256 504C119 504 8 393 8 256S119 8 256 8s248 111 248 248-111 248-248 248zm28.9-143.6L209.4 288H392c13.3 0 24-10.7 24-24v-16c0-13.3-10.7-24-24-24H209.4l75.5-72.4c9.7-9.3 9.9-24.8.4-34.3l-11-10.9c-9.4-9.4-24.6-9.4-33.9 0L107.7 239c-9.4 9.4-9.4 24.6 0 33.9l132.7 132.7c9.4 9.4 24.6 9.4 33.9 0l11-10.9c9.5-9.5 9.3-25-.4-34.3z\"><\/path><\/svg>\t\t\t\t\t<\/div>\n\t\t\t\t\t<div class=\"elementor-swiper-button elementor-swiper-button-next\" role=\"button\" tabindex=\"0\">\n\t\t\t\t\t\t<svg aria-hidden=\"true\" class=\"e-font-icon-svg e-fas-arrow-circle-right\" viewBox=\"0 0 512 512\" xmlns=\"http:\/\/www.w3.org\/2000\/svg\"><path d=\"M256 8c137 0 248 111 248 248S393 504 256 504 8 393 8 256 119 8 256 8zm-28.9 143.6l75.5 72.4H120c-13.3 0-24 10.7-24 24v16c0 13.3 10.7 24 24 24h182.6l-75.5 72.4c-9.7 9.3-9.9 24.8-.4 34.3l11 10.9c9.4 9.4 24.6 9.4 33.9 0L404.3 273c9.4-9.4 9.4-24.6 0-33.9L271.6 106.3c-9.4-9.4-24.6-9.4-33.9 0l-11 10.9c-9.5 9.6-9.3 25.1.4 34.4z\"><\/path><\/svg>\t\t\t\t\t<\/div>\n\t\t\t\t\n\t\t\t\t\t\t\t\t\t<div class=\"swiper-pagination\"><\/div>\n\t\t\t\t\t\t\t\t\t<\/div>\n\t\t\t\t\t\t<\/div>\n\t\t\t\t<\/div>\n\t\t\t\t\t<\/div>\n\t\t\t\t<\/div>\n\t\t<div class=\"elementor-element elementor-element-0eef28d e-flex e-con-boxed e-con e-parent\" data-id=\"0eef28d\" data-element_type=\"container\">\n\t\t\t\t\t<div class=\"e-con-inner\">\n\t\t\t\t<div class=\"elementor-element elementor-element-4f40649 elementor-invisible elementor-widget elementor-widget-heading\" data-id=\"4f40649\" data-element_type=\"widget\" data-settings=\"{&quot;_animation&quot;:&quot;slideInUp&quot;}\" data-widget_type=\"heading.default\">\n\t\t\t\t<div class=\"elementor-widget-container\">\n\t\t\t\t\t<h2 class=\"elementor-heading-title elementor-size-default\">Fibernet te ofrece los siguientes beneficios <\/h2>\t\t\t\t<\/div>\n\t\t\t\t<\/div>\n\t\t\t\t\t<\/div>\n\t\t\t\t<\/div>\n\t\t<div class=\"elementor-element elementor-element-d8b2ee8 e-flex e-con-boxed elementor-invisible e-con e-parent\" data-id=\"d8b2ee8\" data-element_type=\"container\" data-settings=\"{&quot;animation&quot;:&quot;slideInUp&quot;}\">\n\t\t\t\t\t<div class=\"e-con-inner\">\n\t\t<div class=\"elementor-element elementor-element-9efc17b e-con-full e-flex e-con e-child\" data-id=\"9efc17b\" data-element_type=\"container\" data-settings=\"{&quot;background_background&quot;:&quot;classic&quot;}\">\n\t\t\t\t<div class=\"elementor-element elementor-element-2deb16f elementor-widget elementor-widget-image\" data-id=\"2deb16f\" data-element_type=\"widget\" data-widget_type=\"image.default\">\n\t\t\t\t<div class=\"elementor-widget-container\">\n\t\t\t\t\t\t\t\t\t\t\t\t\t\t\t<img decoding=\"async\" width=\"300\" height=\"66\" src=\"https:\/\/fibernet.com.pe\/wp-content\/uploads\/2025\/01\/vs-300x66.png\" class=\"elementor-animation-grow attachment-medium size-medium wp-image-443\" alt=\"\" srcset=\"https:\/\/fibernet.com.pe\/wp-content\/uploads\/2025\/01\/vs-300x66.png 300w, https:\/\/fibernet.com.pe\/wp-content\/uploads\/2025\/01\/vs.png 740w\" sizes=\"(max-width: 300px) 100vw, 300px\" \/>\t\t\t\t\t\t\t\t\t\t\t\t\t\t\t<\/div>\n\t\t\t\t<\/div>\n\t\t\t\t<div class=\"elementor-element elementor-element-38e22bc elementor-widget elementor-widget-text-editor\" data-id=\"38e22bc\" data-element_type=\"widget\" data-widget_type=\"text-editor.default\">\n\t\t\t\t<div class=\"elementor-widget-container\">\n\t\t\t\t\t\t\t\t\t<p>Disfruta de la misma velocidad de subida y bajada, ideal para teletrabajo, videoconferencias, gaming en l\u00ednea, mientras disfrutas de TV en alta definici\u00f3n sin interrupciones.<\/p>\t\t\t\t\t\t\t\t<\/div>\n\t\t\t\t<\/div>\n\t\t\t\t<\/div>\n\t\t<div class=\"elementor-element elementor-element-5b41cc3 e-con-full e-flex e-con e-child\" data-id=\"5b41cc3\" data-element_type=\"container\" data-settings=\"{&quot;background_background&quot;:&quot;classic&quot;}\">\n\t\t\t\t<div class=\"elementor-element elementor-element-ff5ce91 elementor-widget elementor-widget-image\" data-id=\"ff5ce91\" data-element_type=\"widget\" data-widget_type=\"image.default\">\n\t\t\t\t<div class=\"elementor-widget-container\">\n\t\t\t\t\t\t\t\t\t\t\t\t\t\t\t<img decoding=\"async\" width=\"300\" height=\"71\" src=\"https:\/\/fibernet.com.pe\/wp-content\/uploads\/2025\/01\/di-300x71.png\" class=\"elementor-animation-grow attachment-medium size-medium wp-image-442\" alt=\"\" srcset=\"https:\/\/fibernet.com.pe\/wp-content\/uploads\/2025\/01\/di-300x71.png 300w, https:\/\/fibernet.com.pe\/wp-content\/uploads\/2025\/01\/di.png 717w\" sizes=\"(max-width: 300px) 100vw, 300px\" \/>\t\t\t\t\t\t\t\t\t\t\t\t\t\t\t<\/div>\n\t\t\t\t<\/div>\n\t\t\t\t<div class=\"elementor-element elementor-element-4b9e608 elementor-widget elementor-widget-text-editor\" data-id=\"4b9e608\" data-element_type=\"widget\" data-widget_type=\"text-editor.default\">\n\t\t\t\t<div class=\"elementor-widget-container\">\n\t\t\t\t\t\t\t\t\t<p>Con Fibernet, puedes conectar m\u00faltiples dispositivos al mismo tiempo sin preocuparte por la p\u00e9rdida de velocidad, garantizando un rendimiento \u00f3ptimo.<\/p>\t\t\t\t\t\t\t\t<\/div>\n\t\t\t\t<\/div>\n\t\t\t\t<\/div>\n\t\t<div class=\"elementor-element elementor-element-dd2d343 e-con-full e-flex e-con e-child\" data-id=\"dd2d343\" data-element_type=\"container\" data-settings=\"{&quot;background_background&quot;:&quot;classic&quot;}\">\n\t\t\t\t<div class=\"elementor-element elementor-element-d0cf794 elementor-widget elementor-widget-image\" data-id=\"d0cf794\" data-element_type=\"widget\" data-widget_type=\"image.default\">\n\t\t\t\t<div class=\"elementor-widget-container\">\n\t\t\t\t\t\t\t\t\t\t\t\t\t\t\t<img decoding=\"async\" width=\"300\" height=\"66\" src=\"https:\/\/fibernet.com.pe\/wp-content\/uploads\/2025\/01\/mc-300x66.png\" class=\"elementor-animation-grow attachment-medium size-medium wp-image-441\" alt=\"\" srcset=\"https:\/\/fibernet.com.pe\/wp-content\/uploads\/2025\/01\/mc-300x66.png 300w, https:\/\/fibernet.com.pe\/wp-content\/uploads\/2025\/01\/mc.png 735w\" sizes=\"(max-width: 300px) 100vw, 300px\" \/>\t\t\t\t\t\t\t\t\t\t\t\t\t\t\t<\/div>\n\t\t\t\t<\/div>\n\t\t\t\t<div class=\"elementor-element elementor-element-8daed83 elementor-widget elementor-widget-text-editor\" data-id=\"8daed83\" data-element_type=\"widget\" data-widget_type=\"text-editor.default\">\n\t\t\t\t<div class=\"elementor-widget-container\">\n\t\t\t\t\t\t\t\t\t<p>Con Fibernet, experimenta una conexi\u00f3n estable y confiable en todo momento, incluso durante las horas de mayor uso. Gracias a nuestra red 100% fibra \u00f3ptica, garantizamos una experiencia continua y sin cortes.<\/p>\t\t\t\t\t\t\t\t<\/div>\n\t\t\t\t<\/div>\n\t\t\t\t<\/div>\n\t\t\t\t\t<\/div>\n\t\t\t\t<\/div>\n\t\t\t\t<\/div>\n\t\t","protected":false},"excerpt":{"rendered":"<p>\u00abFibernet: La verdadera velocidad, 100% fibra \u00f3ptica\u00bb Elige el plan que se adapta a ti! Fibernet te ofrece los siguientes beneficios Disfruta de la misma velocidad de subida y bajada, ideal para teletrabajo, videoconferencias, gaming en l\u00ednea, mientras disfrutas de TV en alta definici\u00f3n sin interrupciones. Con Fibernet, puedes conectar m\u00faltiples dispositivos al mismo tiempo [&hellip;]<\/p>\n","protected":false},"author":1,"featured_media":0,"parent":2,"menu_order":0,"comment_status":"closed","ping_status":"closed","template":"","meta":{"site-container-style":"default","site-container-layout":"default","site-sidebar-layout":"no-sidebar","disable-article-header":"default","disable-site-header":"default","disable-site-footer":"default","disable-content-area-spacing":"default","_joinchat":[],"footnotes":""},"class_list":["post-12","page","type-page","status-publish","hentry"],"_links":{"self":[{"href":"https:\/\/fibernet.com.pe\/index.php\/wp-json\/wp\/v2\/pages\/12","targetHints":{"allow":["GET"]}}],"collection":[{"href":"https:\/\/fibernet.com.pe\/index.php\/wp-json\/wp\/v2\/pages"}],"about":[{"href":"https:\/\/fibernet.com.pe\/index.php\/wp-json\/wp\/v2\/types\/page"}],"author":[{"embeddable":true,"href":"https:\/\/fibernet.com.pe\/index.php\/wp-json\/wp\/v2\/users\/1"}],"replies":[{"embeddable":true,"href":"https:\/\/fibernet.com.pe\/index.php\/wp-json\/wp\/v2\/comments?post=12"}],"version-history":[{"count":43,"href":"https:\/\/fibernet.com.pe\/index.php\/wp-json\/wp\/v2\/pages\/12\/revisions"}],"predecessor-version":[{"id":504,"href":"https:\/\/fibernet.com.pe\/index.php\/wp-json\/wp\/v2\/pages\/12\/revisions\/504"}],"up":[{"embeddable":true,"href":"https:\/\/fibernet.com.pe\/index.php\/wp-json\/wp\/v2\/pages\/2"}],"wp:attachment":[{"href":"https:\/\/fibernet.com.pe\/index.php\/wp-json\/wp\/v2\/media?parent=12"}],"curies":[{"name":"wp","href":"https:\/\/api.w.org\/{rel}","templated":true}]}}