{"id":181,"date":"2025-01-15T23:32:45","date_gmt":"2025-01-15T23:32:45","guid":{"rendered":"https:\/\/fibernet.com.pe\/?page_id=181"},"modified":"2025-02-08T22:22:21","modified_gmt":"2025-02-08T22:22:21","slug":"nosotros","status":"publish","type":"page","link":"https:\/\/fibernet.com.pe\/index.php\/nosotros\/","title":{"rendered":"NOSOTROS"},"content":{"rendered":"\t\t<div data-elementor-type=\"wp-page\" data-elementor-id=\"181\" class=\"elementor elementor-181\">\n\t\t\t\t<div class=\"elementor-element elementor-element-3f1267d e-flex e-con-boxed e-con e-parent\" data-id=\"3f1267d\" data-element_type=\"container\">\n\t\t\t\t\t<div class=\"e-con-inner\">\n\t\t\t\t<div class=\"elementor-element elementor-element-453b29b elementor-arrows-position-outside elementor-pagination-position-outside elementor-widget elementor-widget-image-carousel\" data-id=\"453b29b\" data-element_type=\"widget\" data-settings=\"{&quot;slides_to_show&quot;:&quot;1&quot;,&quot;navigation&quot;:&quot;both&quot;,&quot;autoplay&quot;:&quot;yes&quot;,&quot;pause_on_hover&quot;:&quot;yes&quot;,&quot;pause_on_interaction&quot;:&quot;yes&quot;,&quot;autoplay_speed&quot;:5000,&quot;infinite&quot;:&quot;yes&quot;,&quot;effect&quot;:&quot;slide&quot;,&quot;speed&quot;:500}\" data-widget_type=\"image-carousel.default\">\n\t\t\t\t<div class=\"elementor-widget-container\">\n\t\t\t\t\t\t\t<div class=\"elementor-image-carousel-wrapper swiper\" role=\"region\" aria-roledescription=\"carousel\" aria-label=\"Carrusel de im\u00e1genes\" dir=\"ltr\">\n\t\t\t<div class=\"elementor-image-carousel swiper-wrapper swiper-image-stretch\" aria-live=\"off\">\n\t\t\t\t\t\t\t\t<div class=\"swiper-slide\" role=\"group\" aria-roledescription=\"slide\" aria-label=\"1 de 3\"><a data-elementor-open-lightbox=\"yes\" data-elementor-lightbox-slideshow=\"453b29b\" data-elementor-lightbox-title=\"451054881_496403156103265_2042265755804570781_n\" data-e-action-hash=\"#elementor-action%3Aaction%3Dlightbox%26settings%3DeyJpZCI6NDMxLCJ1cmwiOiJodHRwczpcL1wvZmliZXJuZXQuY29tLnBlXC93cC1jb250ZW50XC91cGxvYWRzXC8yMDI1XC8wMVwvNDUxMDU0ODgxXzQ5NjQwMzE1NjEwMzI2NV8yMDQyMjY1NzU1ODA0NTcwNzgxX24tc2NhbGVkLmpwZyIsInNsaWRlc2hvdyI6IjQ1M2IyOWIifQ%3D%3D\" href=\"http:\/\/wa.me\/message\/OPT2PKOFNUWOJ1\" target=\"_blank\"><figure class=\"swiper-slide-inner\"><img decoding=\"async\" class=\"swiper-slide-image\" src=\"https:\/\/fibernet.com.pe\/wp-content\/uploads\/2025\/01\/451054881_496403156103265_2042265755804570781_n-1024x475.jpg\" alt=\"451054881_496403156103265_2042265755804570781_n\" \/><\/figure><\/a><\/div><div class=\"swiper-slide\" role=\"group\" aria-roledescription=\"slide\" aria-label=\"2 de 3\"><a data-elementor-open-lightbox=\"yes\" data-elementor-lightbox-slideshow=\"453b29b\" data-elementor-lightbox-title=\"fibernet paquetes mensuales banner _page-0001\" data-e-action-hash=\"#elementor-action%3Aaction%3Dlightbox%26settings%3DeyJpZCI6NDI5LCJ1cmwiOiJodHRwczpcL1wvZmliZXJuZXQuY29tLnBlXC93cC1jb250ZW50XC91cGxvYWRzXC8yMDI1XC8wMVwvZmliZXJuZXQtcGFxdWV0ZXMtbWVuc3VhbGVzLWJhbm5lci1fcGFnZS0wMDAxLmpwZyIsInNsaWRlc2hvdyI6IjQ1M2IyOWIifQ%3D%3D\" href=\"http:\/\/wa.me\/message\/OPT2PKOFNUWOJ1\" target=\"_blank\"><figure class=\"swiper-slide-inner\"><img decoding=\"async\" class=\"swiper-slide-image\" src=\"https:\/\/fibernet.com.pe\/wp-content\/uploads\/2025\/01\/fibernet-paquetes-mensuales-banner-_page-0001-1024x475.jpg\" alt=\"fibernet paquetes mensuales banner _page-0001\" \/><\/figure><\/a><\/div><div class=\"swiper-slide\" role=\"group\" aria-roledescription=\"slide\" aria-label=\"3 de 3\"><a data-elementor-open-lightbox=\"yes\" data-elementor-lightbox-slideshow=\"453b29b\" data-elementor-lightbox-title=\"472597328_613417617735151_4123069121335272818_n\" data-e-action-hash=\"#elementor-action%3Aaction%3Dlightbox%26settings%3DeyJpZCI6MTg3LCJ1cmwiOiJodHRwczpcL1wvZmliZXJuZXQuY29tLnBlXC93cC1jb250ZW50XC91cGxvYWRzXC8yMDI1XC8wMVwvNDcyNTk3MzI4XzYxMzQxNzYxNzczNTE1MV80MTIzMDY5MTIxMzM1MjcyODE4X24uanBnIiwic2xpZGVzaG93IjoiNDUzYjI5YiJ9\" href=\"http:\/\/wa.me\/message\/OPT2PKOFNUWOJ1\" target=\"_blank\"><figure class=\"swiper-slide-inner\"><img decoding=\"async\" class=\"swiper-slide-image\" src=\"https:\/\/fibernet.com.pe\/wp-content\/uploads\/2025\/01\/472597328_613417617735151_4123069121335272818_n-1024x475.jpg\" alt=\"472597328_613417617735151_4123069121335272818_n\" \/><\/figure><\/a><\/div>\t\t\t<\/div>\n\t\t\t\t\t\t\t\t\t\t\t\t<div class=\"elementor-swiper-button elementor-swiper-button-prev\" role=\"button\" tabindex=\"0\">\n\t\t\t\t\t\t<svg aria-hidden=\"true\" class=\"e-font-icon-svg e-fas-arrow-circle-left\" viewBox=\"0 0 512 512\" xmlns=\"http:\/\/www.w3.org\/2000\/svg\"><path d=\"M256 504C119 504 8 393 8 256S119 8 256 8s248 111 248 248-111 248-248 248zm28.9-143.6L209.4 288H392c13.3 0 24-10.7 24-24v-16c0-13.3-10.7-24-24-24H209.4l75.5-72.4c9.7-9.3 9.9-24.8.4-34.3l-11-10.9c-9.4-9.4-24.6-9.4-33.9 0L107.7 239c-9.4 9.4-9.4 24.6 0 33.9l132.7 132.7c9.4 9.4 24.6 9.4 33.9 0l11-10.9c9.5-9.5 9.3-25-.4-34.3z\"><\/path><\/svg>\t\t\t\t\t<\/div>\n\t\t\t\t\t<div class=\"elementor-swiper-button elementor-swiper-button-next\" role=\"button\" tabindex=\"0\">\n\t\t\t\t\t\t<svg aria-hidden=\"true\" class=\"e-font-icon-svg e-fas-arrow-circle-right\" viewBox=\"0 0 512 512\" xmlns=\"http:\/\/www.w3.org\/2000\/svg\"><path d=\"M256 8c137 0 248 111 248 248S393 504 256 504 8 393 8 256 119 8 256 8zm-28.9 143.6l75.5 72.4H120c-13.3 0-24 10.7-24 24v16c0 13.3 10.7 24 24 24h182.6l-75.5 72.4c-9.7 9.3-9.9 24.8-.4 34.3l11 10.9c9.4 9.4 24.6 9.4 33.9 0L404.3 273c9.4-9.4 9.4-24.6 0-33.9L271.6 106.3c-9.4-9.4-24.6-9.4-33.9 0l-11 10.9c-9.5 9.6-9.3 25.1.4 34.4z\"><\/path><\/svg>\t\t\t\t\t<\/div>\n\t\t\t\t\n\t\t\t\t\t\t\t\t\t<div class=\"swiper-pagination\"><\/div>\n\t\t\t\t\t\t\t\t\t<\/div>\n\t\t\t\t\t\t<\/div>\n\t\t\t\t<\/div>\n\t\t\t\t\t<\/div>\n\t\t\t\t<\/div>\n\t\t<div class=\"elementor-element elementor-element-71ee979 e-flex e-con-boxed e-con e-parent\" data-id=\"71ee979\" data-element_type=\"container\">\n\t\t\t\t\t<div class=\"e-con-inner\">\n\t\t<div class=\"elementor-element elementor-element-6664080 e-con-full e-flex e-con e-child\" data-id=\"6664080\" data-element_type=\"container\">\n\t\t<div class=\"elementor-element elementor-element-de6d00c e-con-full e-flex e-con e-child\" data-id=\"de6d00c\" data-element_type=\"container\">\n\t\t\t\t<div class=\"elementor-element elementor-element-8c63d58 elementor-widget elementor-widget-image\" data-id=\"8c63d58\" data-element_type=\"widget\" data-widget_type=\"image.default\">\n\t\t\t\t<div class=\"elementor-widget-container\">\n\t\t\t\t\t\t\t\t\t\t\t\t\t\t\t<img fetchpriority=\"high\" decoding=\"async\" width=\"300\" height=\"300\" src=\"https:\/\/fibernet.com.pe\/wp-content\/uploads\/2024\/12\/cropped-422205155_397818589295056_4378973138621510926_n-1-300x300.jpg\" class=\"attachment-medium size-medium wp-image-81\" alt=\"\" srcset=\"https:\/\/fibernet.com.pe\/wp-content\/uploads\/2024\/12\/cropped-422205155_397818589295056_4378973138621510926_n-1-300x300.jpg 300w, https:\/\/fibernet.com.pe\/wp-content\/uploads\/2024\/12\/elementor\/thumbs\/cropped-422205155_397818589295056_4378973138621510926_n-1-qyxud0g0h4wrqqctuwvzo4w4dnwhntoy086khnrpzw.jpg 150w, https:\/\/fibernet.com.pe\/wp-content\/uploads\/2024\/12\/cropped-422205155_397818589295056_4378973138621510926_n-1-270x270.jpg 270w, https:\/\/fibernet.com.pe\/wp-content\/uploads\/2024\/12\/cropped-422205155_397818589295056_4378973138621510926_n-1-192x192.jpg 192w, https:\/\/fibernet.com.pe\/wp-content\/uploads\/2024\/12\/cropped-422205155_397818589295056_4378973138621510926_n-1-180x180.jpg 180w, https:\/\/fibernet.com.pe\/wp-content\/uploads\/2024\/12\/cropped-422205155_397818589295056_4378973138621510926_n-1-32x32.jpg 32w, https:\/\/fibernet.com.pe\/wp-content\/uploads\/2024\/12\/elementor\/thumbs\/cropped-422205155_397818589295056_4378973138621510926_n-1-qyxud0fz9a4c4q73g00tk21rcbov02h84flec9ahys.jpg 50w, https:\/\/fibernet.com.pe\/wp-content\/uploads\/2024\/12\/cropped-422205155_397818589295056_4378973138621510926_n-1.jpg 512w\" sizes=\"(max-width: 300px) 100vw, 300px\" \/>\t\t\t\t\t\t\t\t\t\t\t\t\t\t\t<\/div>\n\t\t\t\t<\/div>\n\t\t\t\t<\/div>\n\t\t\t\t<\/div>\n\t\t<div class=\"elementor-element elementor-element-0e736e3 e-con-full e-flex e-con e-child\" data-id=\"0e736e3\" data-element_type=\"container\" data-settings=\"{&quot;background_background&quot;:&quot;classic&quot;}\">\n\t\t\t\t<div class=\"elementor-element elementor-element-5ca038e elementor-widget elementor-widget-text-editor\" data-id=\"5ca038e\" data-element_type=\"widget\" data-widget_type=\"text-editor.default\">\n\t\t\t\t<div class=\"elementor-widget-container\">\n\t\t\t\t\t\t\t\t\t<p style=\"padding-left: 40px; text-align: center;\"><strong>Fibernet es una empresa con sede en Andahuaylas, especializada en el sector de telecomunicaciones. Se dedica a proporcionar servicios de alta calidad, como internet a trav\u00e9s de fibra \u00f3ptica, lo que garantiza conexiones r\u00e1pidas y estables, y televisi\u00f3n por cable, ofreciendo una amplia variedad de canales y contenido de entretenimiento. Con un fuerte compromiso hacia sus clientes, Fibernet busca continuamente innovar y expandir su infraestructura para satisfacer las crecientes demandas de conectividad en la regi\u00f3n, contribuyendo al desarrollo tecnol\u00f3gico y social de la comunidad Andahuaylina.<\/strong><\/p>\t\t\t\t\t\t\t\t<\/div>\n\t\t\t\t<\/div>\n\t\t\t\t<\/div>\n\t\t\t\t\t<\/div>\n\t\t\t\t<\/div>\n\t\t\t\t<\/div>\n\t\t","protected":false},"excerpt":{"rendered":"<p>Fibernet es una empresa con sede en Andahuaylas, especializada en el sector de telecomunicaciones. Se dedica a proporcionar servicios de alta calidad, como internet a trav\u00e9s de fibra \u00f3ptica, lo que garantiza conexiones r\u00e1pidas y estables, y televisi\u00f3n por cable, ofreciendo una amplia variedad de canales y contenido de entretenimiento. Con un fuerte compromiso hacia [&hellip;]<\/p>\n","protected":false},"author":1,"featured_media":0,"parent":0,"menu_order":0,"comment_status":"closed","ping_status":"closed","template":"","meta":{"site-container-style":"default","site-container-layout":"default","site-sidebar-layout":"default","disable-article-header":"default","disable-site-header":"default","disable-site-footer":"default","disable-content-area-spacing":"default","_joinchat":[],"footnotes":""},"class_list":["post-181","page","type-page","status-publish","hentry"],"_links":{"self":[{"href":"https:\/\/fibernet.com.pe\/index.php\/wp-json\/wp\/v2\/pages\/181","targetHints":{"allow":["GET"]}}],"collection":[{"href":"https:\/\/fibernet.com.pe\/index.php\/wp-json\/wp\/v2\/pages"}],"about":[{"href":"https:\/\/fibernet.com.pe\/index.php\/wp-json\/wp\/v2\/types\/page"}],"author":[{"embeddable":true,"href":"https:\/\/fibernet.com.pe\/index.php\/wp-json\/wp\/v2\/users\/1"}],"replies":[{"embeddable":true,"href":"https:\/\/fibernet.com.pe\/index.php\/wp-json\/wp\/v2\/comments?post=181"}],"version-history":[{"count":42,"href":"https:\/\/fibernet.com.pe\/index.php\/wp-json\/wp\/v2\/pages\/181\/revisions"}],"predecessor-version":[{"id":511,"href":"https:\/\/fibernet.com.pe\/index.php\/wp-json\/wp\/v2\/pages\/181\/revisions\/511"}],"wp:attachment":[{"href":"https:\/\/fibernet.com.pe\/index.php\/wp-json\/wp\/v2\/media?parent=181"}],"curies":[{"name":"wp","href":"https:\/\/api.w.org\/{rel}","templated":true}]}}