{"id":46,"date":"2024-12-23T15:47:00","date_gmt":"2024-12-23T15:47:00","guid":{"rendered":"https:\/\/fibernet.com.pe\/?page_id=46"},"modified":"2025-01-26T17:15:21","modified_gmt":"2025-01-26T17:15:21","slug":"clientes","status":"publish","type":"page","link":"https:\/\/fibernet.com.pe\/index.php\/clientes\/","title":{"rendered":"CLIENTES"},"content":{"rendered":"\t\t<div data-elementor-type=\"wp-page\" data-elementor-id=\"46\" class=\"elementor elementor-46\">\n\t\t\t\t<div class=\"elementor-element elementor-element-a177fe8 e-flex e-con-boxed elementor-invisible e-con e-parent\" data-id=\"a177fe8\" data-element_type=\"container\" data-settings=\"{&quot;background_background&quot;:&quot;classic&quot;,&quot;animation&quot;:&quot;fadeInUp&quot;}\">\n\t\t\t\t\t<div class=\"e-con-inner\">\n\t\t\t\t<div class=\"elementor-element elementor-element-b14af13 elementor-widget elementor-widget-heading\" data-id=\"b14af13\" data-element_type=\"widget\" data-widget_type=\"heading.default\">\n\t\t\t\t<div class=\"elementor-widget-container\">\n\t\t\t\t\t<h1 class=\"elementor-heading-title elementor-size-default\">\u00a1Tu tranquilidad est\u00e1 a un pago de distancia!<\/h1>\t\t\t\t<\/div>\n\t\t\t\t<\/div>\n\t\t\t\t\t<\/div>\n\t\t\t\t<\/div>\n\t\t<div class=\"elementor-element elementor-element-81f8dbc e-flex e-con-boxed e-con e-parent\" data-id=\"81f8dbc\" data-element_type=\"container\">\n\t\t\t\t\t<div class=\"e-con-inner\">\n\t\t\t\t<div class=\"elementor-element elementor-element-6a4bad4 elementor-invisible elementor-widget elementor-widget-heading\" data-id=\"6a4bad4\" data-element_type=\"widget\" data-settings=\"{&quot;_animation&quot;:&quot;fadeInUp&quot;}\" data-widget_type=\"heading.default\">\n\t\t\t\t<div class=\"elementor-widget-container\">\n\t\t\t\t\t<h2 class=\"elementor-heading-title elementor-size-default\">\u00bfDonde pagar tus recibos?<\/h2>\t\t\t\t<\/div>\n\t\t\t\t<\/div>\n\t\t\t\t<div class=\"elementor-element elementor-element-5e3330d elementor-invisible elementor-widget elementor-widget-n-accordion\" data-id=\"5e3330d\" data-element_type=\"widget\" data-settings=\"{&quot;_animation&quot;:&quot;slideInUp&quot;,&quot;default_state&quot;:&quot;expanded&quot;,&quot;max_items_expended&quot;:&quot;one&quot;,&quot;n_accordion_animation_duration&quot;:{&quot;unit&quot;:&quot;ms&quot;,&quot;size&quot;:400,&quot;sizes&quot;:[]}}\" data-widget_type=\"nested-accordion.default\">\n\t\t\t\t<div class=\"elementor-widget-container\">\n\t\t\t\t\t\t\t<div class=\"e-n-accordion\" aria-label=\"Accordion. Open links with Enter or Space, close with Escape, and navigate with Arrow Keys\">\n\t\t\t\t\t\t<details id=\"e-n-accordion-item-9870\" class=\"e-n-accordion-item\" open>\n\t\t\t\t<summary class=\"e-n-accordion-item-title\" data-accordion-index=\"1\" tabindex=\"0\" aria-expanded=\"true\" aria-controls=\"e-n-accordion-item-9870\" >\n\t\t\t\t\t<span class='e-n-accordion-item-title-header'><div class=\"e-n-accordion-item-title-text\"> \u00a1Vis\u00edtanos y recibe atenci\u00f3n personalizada en nuestras oficinas! <\/div><\/span>\n\t\t\t\t\t\t\t<span class='e-n-accordion-item-title-icon'>\n\t\t\t<span class='e-opened' ><svg aria-hidden=\"true\" class=\"e-font-icon-svg e-fas-minus\" viewBox=\"0 0 448 512\" xmlns=\"http:\/\/www.w3.org\/2000\/svg\"><path d=\"M416 208H32c-17.67 0-32 14.33-32 32v32c0 17.67 14.33 32 32 32h384c17.67 0 32-14.33 32-32v-32c0-17.67-14.33-32-32-32z\"><\/path><\/svg><\/span>\n\t\t\t<span class='e-closed'><svg aria-hidden=\"true\" class=\"e-font-icon-svg e-fas-plus\" viewBox=\"0 0 448 512\" xmlns=\"http:\/\/www.w3.org\/2000\/svg\"><path d=\"M416 208H272V64c0-17.67-14.33-32-32-32h-32c-17.67 0-32 14.33-32 32v144H32c-17.67 0-32 14.33-32 32v32c0 17.67 14.33 32 32 32h144v144c0 17.67 14.33 32 32 32h32c17.67 0 32-14.33 32-32V304h144c17.67 0 32-14.33 32-32v-32c0-17.67-14.33-32-32-32z\"><\/path><\/svg><\/span>\n\t\t<\/span>\n\n\t\t\t\t\t\t<\/summary>\n\t\t\t\t<div role=\"region\" aria-labelledby=\"e-n-accordion-item-9870\" class=\"elementor-element elementor-element-6399a17 e-con-full e-flex e-con e-child\" data-id=\"6399a17\" data-element_type=\"container\">\n\t\t<div role=\"region\" aria-labelledby=\"e-n-accordion-item-9870\" class=\"elementor-element elementor-element-1bd06fa e-con-full e-flex e-con e-child\" data-id=\"1bd06fa\" data-element_type=\"container\">\n\t\t\t\t<div class=\"elementor-element elementor-element-7d2dcaf elementor-widget elementor-widget-text-editor\" data-id=\"7d2dcaf\" data-element_type=\"widget\" data-widget_type=\"text-editor.default\">\n\t\t\t\t<div class=\"elementor-widget-container\">\n\t\t\t\t\t\t\t\t\t<p>Estamos comprometidos en brindarte el mejor servicio, cerca de ti y con la atenci\u00f3n que mereces. Ac\u00e9rcate a cualquiera de nuestras sedes para resolver tus dudas, realizar pagos, gestionar tus servicios o cualquier otra consulta.<\/p><ul><li><strong>Oficina Principal &#8211; Andahuaylas<\/strong><\/li><\/ul><p style=\"padding-left: 40px;\">Jr. Constituci\u00f3n N\u00b0 450<br \/>Lunes &#8211; Viernes: 08:00 a 18:00<br \/>S\u00e1bado: 08:00 a 13:00<\/p><ul><li><strong>Oficina Uripa &#8211; Chincheros<\/strong><\/li><\/ul><p style=\"padding-left: 40px;\">Av. Micaela Bastidas &#8211; Uripa<br \/>Lunes &#8211; Viernes: 08:00 a 18:00<br \/>S\u00e1bado: 08:00 a 13:00<\/p>\t\t\t\t\t\t\t\t<\/div>\n\t\t\t\t<\/div>\n\t\t\t\t<\/div>\n\t\t<div role=\"region\" aria-labelledby=\"e-n-accordion-item-9870\" class=\"elementor-element elementor-element-fc60792 e-con-full e-flex e-con e-child\" data-id=\"fc60792\" data-element_type=\"container\">\n\t\t\t\t<div class=\"elementor-element elementor-element-3b275b1 elementor-widget elementor-widget-image\" data-id=\"3b275b1\" data-element_type=\"widget\" data-widget_type=\"image.default\">\n\t\t\t\t<div class=\"elementor-widget-container\">\n\t\t\t\t\t\t\t\t\t\t\t\t\t\t\t<img fetchpriority=\"high\" decoding=\"async\" width=\"700\" height=\"500\" src=\"https:\/\/fibernet.com.pe\/wp-content\/uploads\/2025\/01\/Atencion-cliente-hotel.jpg.webp\" class=\"elementor-animation-shrink attachment-full size-full wp-image-341\" alt=\"\" srcset=\"https:\/\/fibernet.com.pe\/wp-content\/uploads\/2025\/01\/Atencion-cliente-hotel.jpg.webp 700w, https:\/\/fibernet.com.pe\/wp-content\/uploads\/2025\/01\/Atencion-cliente-hotel.jpg-300x214.webp 300w\" sizes=\"(max-width: 700px) 100vw, 700px\" \/>\t\t\t\t\t\t\t\t\t\t\t\t\t\t\t<\/div>\n\t\t\t\t<\/div>\n\t\t\t\t<\/div>\n\t\t\t\t<\/div>\n\t\t\t\t\t<\/details>\n\t\t\t\t\t\t<details id=\"e-n-accordion-item-9871\" class=\"e-n-accordion-item\" >\n\t\t\t\t<summary class=\"e-n-accordion-item-title\" data-accordion-index=\"2\" tabindex=\"-1\" aria-expanded=\"false\" aria-controls=\"e-n-accordion-item-9871\" >\n\t\t\t\t\t<span class='e-n-accordion-item-title-header'><div class=\"e-n-accordion-item-title-text\"> Bancos y\/o Agentes <\/div><\/span>\n\t\t\t\t\t\t\t<span class='e-n-accordion-item-title-icon'>\n\t\t\t<span class='e-opened' ><svg aria-hidden=\"true\" class=\"e-font-icon-svg e-fas-minus\" viewBox=\"0 0 448 512\" xmlns=\"http:\/\/www.w3.org\/2000\/svg\"><path d=\"M416 208H32c-17.67 0-32 14.33-32 32v32c0 17.67 14.33 32 32 32h384c17.67 0 32-14.33 32-32v-32c0-17.67-14.33-32-32-32z\"><\/path><\/svg><\/span>\n\t\t\t<span class='e-closed'><svg aria-hidden=\"true\" class=\"e-font-icon-svg e-fas-plus\" viewBox=\"0 0 448 512\" xmlns=\"http:\/\/www.w3.org\/2000\/svg\"><path d=\"M416 208H272V64c0-17.67-14.33-32-32-32h-32c-17.67 0-32 14.33-32 32v144H32c-17.67 0-32 14.33-32 32v32c0 17.67 14.33 32 32 32h144v144c0 17.67 14.33 32 32 32h32c17.67 0 32-14.33 32-32V304h144c17.67 0 32-14.33 32-32v-32c0-17.67-14.33-32-32-32z\"><\/path><\/svg><\/span>\n\t\t<\/span>\n\n\t\t\t\t\t\t<\/summary>\n\t\t\t\t<div role=\"region\" aria-labelledby=\"e-n-accordion-item-9871\" class=\"elementor-element elementor-element-721ed49 e-con-full e-flex e-con e-child\" data-id=\"721ed49\" data-element_type=\"container\">\n\t\t<div role=\"region\" aria-labelledby=\"e-n-accordion-item-9871\" class=\"elementor-element elementor-element-a8dfcfa e-grid e-con-boxed e-con e-child\" data-id=\"a8dfcfa\" data-element_type=\"container\">\n\t\t\t\t\t<div class=\"e-con-inner\">\n\t\t<div role=\"region\" aria-labelledby=\"e-n-accordion-item-9871\" class=\"elementor-element elementor-element-5d1dd40 e-con-full e-flex e-con e-child\" data-id=\"5d1dd40\" data-element_type=\"container\">\n\t\t\t\t<div class=\"elementor-element elementor-element-3c43bc3 elementor-widget elementor-widget-image\" data-id=\"3c43bc3\" data-element_type=\"widget\" data-widget_type=\"image.default\">\n\t\t\t\t<div class=\"elementor-widget-container\">\n\t\t\t\t\t\t\t\t\t\t\t\t\t\t\t<img decoding=\"async\" width=\"689\" height=\"360\" src=\"https:\/\/fibernet.com.pe\/wp-content\/uploads\/2025\/01\/logobcp.jpg\" class=\"elementor-animation-shrink attachment-large size-large wp-image-353\" alt=\"\" srcset=\"https:\/\/fibernet.com.pe\/wp-content\/uploads\/2025\/01\/logobcp.jpg 689w, https:\/\/fibernet.com.pe\/wp-content\/uploads\/2025\/01\/logobcp-300x157.jpg 300w\" sizes=\"(max-width: 689px) 100vw, 689px\" \/>\t\t\t\t\t\t\t\t\t\t\t\t\t\t\t<\/div>\n\t\t\t\t<\/div>\n\t\t\t\t<div class=\"elementor-element elementor-element-0703c54 elementor-widget elementor-widget-text-editor\" data-id=\"0703c54\" data-element_type=\"widget\" data-widget_type=\"text-editor.default\">\n\t\t\t\t<div class=\"elementor-widget-container\">\n\t\t\t\t\t\t\t\t\t<ul><li><strong>Nombre de cuenta:<\/strong> RL Fiber Network Andahuaylas S.A.C.<\/li><li><strong>N\u00famero de cuenta:<\/strong> 205-8739788-0-91<\/li><li><strong>C\u00f3digo interbancario (CCI):<\/strong> 002-20500873978809132<\/li><\/ul>\t\t\t\t\t\t\t\t<\/div>\n\t\t\t\t<\/div>\n\t\t\t\t<\/div>\n\t\t<div role=\"region\" aria-labelledby=\"e-n-accordion-item-9871\" class=\"elementor-element elementor-element-dd10ab6 e-con-full e-flex e-con e-child\" data-id=\"dd10ab6\" data-element_type=\"container\">\n\t\t\t\t<div class=\"elementor-element elementor-element-b2ed8d0 elementor-widget elementor-widget-image\" data-id=\"b2ed8d0\" data-element_type=\"widget\" data-widget_type=\"image.default\">\n\t\t\t\t<div class=\"elementor-widget-container\">\n\t\t\t\t\t\t\t\t\t\t\t\t\t\t\t<img decoding=\"async\" width=\"810\" height=\"422\" src=\"https:\/\/fibernet.com.pe\/wp-content\/uploads\/2025\/01\/01.jpg\" class=\"elementor-animation-shrink attachment-large size-large wp-image-352\" alt=\"\" srcset=\"https:\/\/fibernet.com.pe\/wp-content\/uploads\/2025\/01\/01.jpg 810w, https:\/\/fibernet.com.pe\/wp-content\/uploads\/2025\/01\/01-300x156.jpg 300w, https:\/\/fibernet.com.pe\/wp-content\/uploads\/2025\/01\/01-768x400.jpg 768w\" sizes=\"(max-width: 810px) 100vw, 810px\" \/>\t\t\t\t\t\t\t\t\t\t\t\t\t\t\t<\/div>\n\t\t\t\t<\/div>\n\t\t\t\t<div class=\"elementor-element elementor-element-0ed92a0 elementor-widget elementor-widget-text-editor\" data-id=\"0ed92a0\" data-element_type=\"widget\" data-widget_type=\"text-editor.default\">\n\t\t\t\t<div class=\"elementor-widget-container\">\n\t\t\t\t\t\t\t\t\t<ul><li><strong>Nombre de cuenta:<\/strong> RL Fiber Network Andahuaylas S.A.C.<\/li><li><strong>N\u00famero de cuenta:<\/strong> 001 1-0010-0100008224<\/li><\/ul>\t\t\t\t\t\t\t\t<\/div>\n\t\t\t\t<\/div>\n\t\t\t\t<\/div>\n\t\t<div role=\"region\" aria-labelledby=\"e-n-accordion-item-9871\" class=\"elementor-element elementor-element-889fd0b e-con-full e-flex e-con e-child\" data-id=\"889fd0b\" data-element_type=\"container\">\n\t\t\t\t<div class=\"elementor-element elementor-element-24b2b8e elementor-widget elementor-widget-image\" data-id=\"24b2b8e\" data-element_type=\"widget\" data-widget_type=\"image.default\">\n\t\t\t\t<div class=\"elementor-widget-container\">\n\t\t\t\t\t\t\t\t\t\t\t\t\t\t\t<img loading=\"lazy\" decoding=\"async\" width=\"640\" height=\"336\" src=\"https:\/\/fibernet.com.pe\/wp-content\/uploads\/2025\/01\/logobn-compartir.png\" class=\"elementor-animation-shrink attachment-large size-large wp-image-354\" alt=\"\" srcset=\"https:\/\/fibernet.com.pe\/wp-content\/uploads\/2025\/01\/logobn-compartir.png 640w, https:\/\/fibernet.com.pe\/wp-content\/uploads\/2025\/01\/logobn-compartir-300x158.png 300w\" sizes=\"(max-width: 640px) 100vw, 640px\" \/>\t\t\t\t\t\t\t\t\t\t\t\t\t\t\t<\/div>\n\t\t\t\t<\/div>\n\t\t\t\t<div class=\"elementor-element elementor-element-6540947 elementor-widget elementor-widget-text-editor\" data-id=\"6540947\" data-element_type=\"widget\" data-widget_type=\"text-editor.default\">\n\t\t\t\t<div class=\"elementor-widget-container\">\n\t\t\t\t\t\t\t\t\t<ul><li><strong>Nombre de cuenta:<\/strong> N\u00e9stor Ra\u00fal Romero Alarc\u00f3n<\/li><li><strong>N\u00famero de cuenta:<\/strong> 04-133-457866<\/li><\/ul>\t\t\t\t\t\t\t\t<\/div>\n\t\t\t\t<\/div>\n\t\t\t\t<\/div>\n\t\t<div role=\"region\" aria-labelledby=\"e-n-accordion-item-9871\" class=\"elementor-element elementor-element-9e60942 e-con-full e-flex e-con e-child\" data-id=\"9e60942\" data-element_type=\"container\">\n\t\t\t\t<div class=\"elementor-element elementor-element-4ee298f elementor-widget elementor-widget-image\" data-id=\"4ee298f\" data-element_type=\"widget\" data-widget_type=\"image.default\">\n\t\t\t\t<div class=\"elementor-widget-container\">\n\t\t\t\t\t\t\t\t\t\t\t\t\t\t\t<img loading=\"lazy\" decoding=\"async\" width=\"640\" height=\"352\" src=\"https:\/\/fibernet.com.pe\/wp-content\/uploads\/2025\/01\/6503312269a1086fae0d1ac5.jpeg\" class=\"elementor-animation-shrink attachment-large size-large wp-image-465\" alt=\"\" srcset=\"https:\/\/fibernet.com.pe\/wp-content\/uploads\/2025\/01\/6503312269a1086fae0d1ac5.jpeg 640w, https:\/\/fibernet.com.pe\/wp-content\/uploads\/2025\/01\/6503312269a1086fae0d1ac5-300x165.jpeg 300w\" sizes=\"(max-width: 640px) 100vw, 640px\" \/>\t\t\t\t\t\t\t\t\t\t\t\t\t\t\t<\/div>\n\t\t\t\t<\/div>\n\t\t\t\t<div class=\"elementor-element elementor-element-aadb333 elementor-widget elementor-widget-text-editor\" data-id=\"aadb333\" data-element_type=\"widget\" data-widget_type=\"text-editor.default\">\n\t\t\t\t<div class=\"elementor-widget-container\">\n\t\t\t\t\t\t\t\t\t<ul><li><strong>Yape:<\/strong>\u00a0 968 664 176 (RL Fiber Network Andahuaylas S.A.C.)<\/li><\/ul><ul><li><strong>Plin:<\/strong> 983 996 282 (N\u00e9stor Ra\u00fal Romero Alarc\u00f3n)<\/li><\/ul>\t\t\t\t\t\t\t\t<\/div>\n\t\t\t\t<\/div>\n\t\t\t\t<\/div>\n\t\t\t\t\t<\/div>\n\t\t\t\t<\/div>\n\t\t\t\t<\/div>\n\t\t\t\t\t<\/details>\n\t\t\t\t\t<\/div>\n\t\t\t\t\t\t<\/div>\n\t\t\t\t<\/div>\n\t\t\t\t<div class=\"elementor-element elementor-element-dcf22f1 elementor-invisible elementor-widget elementor-widget-heading\" data-id=\"dcf22f1\" data-element_type=\"widget\" data-settings=\"{&quot;_animation&quot;:&quot;fadeInUp&quot;}\" data-widget_type=\"heading.default\">\n\t\t\t\t<div class=\"elementor-widget-container\">\n\t\t\t\t\t<h2 class=\"elementor-heading-title elementor-size-default\">\u00a1Deposita y env\u00eda tu comprobante para registrar tu pago!<\/h2>\t\t\t\t<\/div>\n\t\t\t\t<\/div>\n\t\t\t\t\t<\/div>\n\t\t\t\t<\/div>\n\t\t<div class=\"elementor-element elementor-element-be05b89 e-flex e-con-boxed elementor-invisible e-con e-parent\" data-id=\"be05b89\" data-element_type=\"container\" data-settings=\"{&quot;animation&quot;:&quot;fadeInUp&quot;,&quot;animation_tablet&quot;:&quot;fadeInUp&quot;,&quot;animation_mobile&quot;:&quot;fadeInUp&quot;}\">\n\t\t\t\t\t<div class=\"e-con-inner\">\n\t\t<div class=\"elementor-element elementor-element-9a8ba47 e-con-full e-flex e-con e-child\" data-id=\"9a8ba47\" data-element_type=\"container\">\n\t\t\t\t<div class=\"elementor-element elementor-element-4d4abcb elementor-widget elementor-widget-image\" data-id=\"4d4abcb\" data-element_type=\"widget\" data-widget_type=\"image.default\">\n\t\t\t\t<div class=\"elementor-widget-container\">\n\t\t\t\t\t\t\t\t\t\t\t\t\t\t\t<img loading=\"lazy\" decoding=\"async\" width=\"300\" height=\"300\" src=\"https:\/\/fibernet.com.pe\/wp-content\/uploads\/2025\/01\/concepto-pago-tarjeta-credito-pagina-inicio_52683-24768-300x300.jpg\" class=\"elementor-animation-grow attachment-medium size-medium wp-image-370\" alt=\"\" srcset=\"https:\/\/fibernet.com.pe\/wp-content\/uploads\/2025\/01\/concepto-pago-tarjeta-credito-pagina-inicio_52683-24768-300x300.jpg 300w, https:\/\/fibernet.com.pe\/wp-content\/uploads\/2025\/01\/concepto-pago-tarjeta-credito-pagina-inicio_52683-24768-150x150.jpg 150w, https:\/\/fibernet.com.pe\/wp-content\/uploads\/2025\/01\/concepto-pago-tarjeta-credito-pagina-inicio_52683-24768.jpg 626w\" sizes=\"(max-width: 300px) 100vw, 300px\" \/>\t\t\t\t\t\t\t\t\t\t\t\t\t\t\t<\/div>\n\t\t\t\t<\/div>\n\t\t\t\t<\/div>\n\t\t<div class=\"elementor-element elementor-element-e97e2b9 e-con-full e-flex e-con e-child\" data-id=\"e97e2b9\" data-element_type=\"container\">\n\t\t<div class=\"elementor-element elementor-element-85be73e e-con-full e-flex e-con e-child\" data-id=\"85be73e\" data-element_type=\"container\">\n\t\t\t\t<div class=\"elementor-element elementor-element-1f6495b elementor-widget elementor-widget-text-editor\" data-id=\"1f6495b\" data-element_type=\"widget\" data-widget_type=\"text-editor.default\">\n\t\t\t\t<div class=\"elementor-widget-container\">\n\t\t\t\t\t\t\t\t\t<p><strong>Instrucciones para el pago:<\/strong><\/p><ol><li>Dir\u00edgete a cualquier banco de tu preferencia o utiliza la banca por internet o app de tu banco.<\/li><li>Ingresa los datos de la cuenta proporcionada.<\/li><li>Coloca el monto correspondiente y confirma tu pago.<\/li><li>Env\u00eda la captura de tu comprobante a nuestras l\u00edneas de WhatsApp, indicando el nombre de titular del servicio\u00a0 para registrar tu pago r\u00e1pidamente.<\/li><\/ol><p><strong>\u00a1As\u00ed de simple!<\/strong> Tu pago ser\u00e1 procesado de manera r\u00e1pida y segura.<\/p>\t\t\t\t\t\t\t\t<\/div>\n\t\t\t\t<\/div>\n\t\t\t\t<\/div>\n\t\t\t\t<\/div>\n\t\t\t\t\t<\/div>\n\t\t\t\t<\/div>\n\t\t\t\t<\/div>\n\t\t","protected":false},"excerpt":{"rendered":"<p>\u00a1Tu tranquilidad est\u00e1 a un pago de distancia! \u00bfDonde pagar tus recibos? \u00a1Vis\u00edtanos y recibe atenci\u00f3n personalizada en nuestras oficinas! Estamos comprometidos en brindarte el mejor servicio, cerca de ti y con la atenci\u00f3n que mereces. Ac\u00e9rcate a cualquiera de nuestras sedes para resolver tus dudas, realizar pagos, gestionar tus servicios o cualquier otra consulta. [&hellip;]<\/p>\n","protected":false},"author":1,"featured_media":0,"parent":0,"menu_order":0,"comment_status":"closed","ping_status":"closed","template":"","meta":{"site-container-style":"default","site-container-layout":"default","site-sidebar-layout":"default","disable-article-header":"default","disable-site-header":"default","disable-site-footer":"default","disable-content-area-spacing":"default","_joinchat":[],"footnotes":""},"class_list":["post-46","page","type-page","status-publish","hentry"],"_links":{"self":[{"href":"https:\/\/fibernet.com.pe\/index.php\/wp-json\/wp\/v2\/pages\/46","targetHints":{"allow":["GET"]}}],"collection":[{"href":"https:\/\/fibernet.com.pe\/index.php\/wp-json\/wp\/v2\/pages"}],"about":[{"href":"https:\/\/fibernet.com.pe\/index.php\/wp-json\/wp\/v2\/types\/page"}],"author":[{"embeddable":true,"href":"https:\/\/fibernet.com.pe\/index.php\/wp-json\/wp\/v2\/users\/1"}],"replies":[{"embeddable":true,"href":"https:\/\/fibernet.com.pe\/index.php\/wp-json\/wp\/v2\/comments?post=46"}],"version-history":[{"count":52,"href":"https:\/\/fibernet.com.pe\/index.php\/wp-json\/wp\/v2\/pages\/46\/revisions"}],"predecessor-version":[{"id":471,"href":"https:\/\/fibernet.com.pe\/index.php\/wp-json\/wp\/v2\/pages\/46\/revisions\/471"}],"wp:attachment":[{"href":"https:\/\/fibernet.com.pe\/index.php\/wp-json\/wp\/v2\/media?parent=46"}],"curies":[{"name":"wp","href":"https:\/\/api.w.org\/{rel}","templated":true}]}}